{"id":6169,"date":"2023-06-22T09:49:02","date_gmt":"2023-06-22T09:49:02","guid":{"rendered":"https:\/\/staging.geyssel.de\/?page_id=6169"},"modified":"2025-05-22T08:35:26","modified_gmt":"2025-05-22T08:35:26","slug":"packing","status":"publish","type":"page","link":"https:\/\/www.geyssel.de\/en\/special-machines\/packing\/","title":{"rendered":"Packing"},"content":{"rendered":"\t\t<div data-elementor-type=\"wp-page\" data-elementor-id=\"6169\" class=\"elementor elementor-6169 elementor-664\" data-elementor-post-type=\"page\">\n\t\t\t\t<div class=\"elementor-element elementor-element-0ee0a9c e-flex e-con-boxed e-con e-parent\" data-id=\"0ee0a9c\" data-element_type=\"container\" data-e-type=\"container\">\n\t\t\t\t\t<div class=\"e-con-inner\">\n\t\t\t\t<div class=\"elementor-element elementor-element-781028c elementor-widget elementor-widget-heading\" data-id=\"781028c\" data-element_type=\"widget\" data-e-type=\"widget\" data-widget_type=\"heading.default\">\n\t\t\t\t<div class=\"elementor-widget-container\">\n\t\t\t\t\t<h1 class=\"elementor-heading-title elementor-size-default\">Packing<\/h1>\t\t\t\t<\/div>\n\t\t\t\t<\/div>\n\t\t\t\t<div class=\"elementor-element elementor-element-06e858e elementor-align-left elementor-widget elementor-widget-breadcrumbs\" data-id=\"06e858e\" data-element_type=\"widget\" data-e-type=\"widget\" data-widget_type=\"breadcrumbs.default\">\n\t\t\t\t<div class=\"elementor-widget-container\">\n\t\t\t\t\t<div id=\"breadcrumbs\"><span><span><a href=\"https:\/\/www.geyssel.de\/en\/\">Home<\/a><\/span><\/span><\/div>\t\t\t\t<\/div>\n\t\t\t\t<\/div>\n\t\t\t\t<div class=\"elementor-element elementor-element-0983b6e elementor-widget elementor-widget-text-editor\" data-id=\"0983b6e\" data-element_type=\"widget\" data-e-type=\"widget\" data-widget_type=\"text-editor.default\">\n\t\t\t\t<div class=\"elementor-widget-container\">\n\t\t\t\t\t\t\t\t\t<p>Unsere Maschinen packen ein, vereinzeln Packungen, applizieren auf Packungen \u2013 je nachdem, was erfordert ist. So effizient und \u00f6konomisch, wie man es erwartet.<\/p>\t\t\t\t\t\t\t\t<\/div>\n\t\t\t\t<\/div>\n\t\t<div class=\"elementor-element elementor-element-0b906a0 e-flex e-con-boxed e-con e-child\" data-id=\"0b906a0\" data-element_type=\"container\" data-e-type=\"container\" data-settings=\"{&quot;background_background&quot;:&quot;classic&quot;}\">\n\t\t\t\t\t<div class=\"e-con-inner\">\n\t\t<div class=\"elementor-element elementor-element-d15911a e-con-full e-flex e-con e-child\" data-id=\"d15911a\" data-element_type=\"container\" data-e-type=\"container\">\n\t\t\t\t<div class=\"elementor-element elementor-element-b59644d elementor-widget elementor-widget-image\" data-id=\"b59644d\" data-element_type=\"widget\" data-e-type=\"widget\" data-widget_type=\"image.default\">\n\t\t\t\t<div class=\"elementor-widget-container\">\n\t\t\t\t\t\t\t\t\t\t\t\t\t\t\t\t<a href=\"\/maschinen\/dosen-einfuell-und-verschliessanlage-typ-341\/\">\n\t\t\t\t\t\t\t<img fetchpriority=\"high\" decoding=\"async\" width=\"705\" height=\"490\" src=\"https:\/\/www.geyssel.de\/wp-content\/uploads\/2025\/05\/Geyssel-FilmEindosAnlageMAIN_04-25-7795A.webp\" class=\"attachment-large size-large wp-image-12294\" alt=\"\" srcset=\"https:\/\/www.geyssel.de\/wp-content\/uploads\/2025\/05\/Geyssel-FilmEindosAnlageMAIN_04-25-7795A.webp 705w, https:\/\/www.geyssel.de\/wp-content\/uploads\/2025\/05\/Geyssel-FilmEindosAnlageMAIN_04-25-7795A-300x209.webp 300w\" sizes=\"(max-width: 705px) 100vw, 705px\" \/>\t\t\t\t\t\t\t\t<\/a>\n\t\t\t\t\t\t\t\t\t\t\t\t\t\t\t<\/div>\n\t\t\t\t<\/div>\n\t\t\t\t<\/div>\n\t\t<div class=\"elementor-element elementor-element-da33fd7 e-con-full e-flex e-con e-child\" data-id=\"da33fd7\" data-element_type=\"container\" data-e-type=\"container\">\n\t\t\t\t<div class=\"elementor-element elementor-element-4d77284 elementor-widget elementor-widget-heading\" data-id=\"4d77284\" data-element_type=\"widget\" data-e-type=\"widget\" data-widget_type=\"heading.default\">\n\t\t\t\t<div class=\"elementor-widget-container\">\n\t\t\t\t\t<h2 class=\"elementor-heading-title elementor-size-default\"><a href=\"https:\/\/www.geyssel.de\/en\/maschinen\/canning-filling-and-sealing-system-type-341\/\">Dosen-Einf\u00fcll- und -Verschlie\u00dfanlage Typ 341<\/a><\/h2>\t\t\t\t<\/div>\n\t\t\t\t<\/div>\n\t\t\t\t<div class=\"elementor-element elementor-element-58b1e59 elementor-widget elementor-widget-text-editor\" data-id=\"58b1e59\" data-element_type=\"widget\" data-e-type=\"widget\" data-widget_type=\"text-editor.default\">\n\t\t\t\t<div class=\"elementor-widget-container\">\n\t\t\t\t\t\t\t\t\t<p>Die Anlage dient zum Pr\u00e4zisionseinf\u00fcllen von empfindlichen Objekten in Verpackungsdosen. Anschlie\u00dfend werden die Dosen mit einem Deckel verschlossen.<br \/>Mittels des Karussell-Prinzips werden die einzelnen Abf\u00fcllg\u00fcter kontinuierlich in die Dosen zugef\u00fchrt und verschlossen. Die Dosenbelegung, die Deckel-Lagerichtigkeit sowie die Material-Zu- und Abfl\u00fcsse werden sensorisch \u00fcberwacht.<\/p>\t\t\t\t\t\t\t\t<\/div>\n\t\t\t\t<\/div>\n\t\t\t\t<\/div>\n\t\t\t\t\t<\/div>\n\t\t\t\t<\/div>\n\t\t<div class=\"elementor-element elementor-element-855c1fa e-con-full e-flex e-con e-child\" data-id=\"855c1fa\" data-element_type=\"container\" data-e-type=\"container\" data-settings=\"{&quot;background_background&quot;:&quot;classic&quot;}\">\n\t\t<div class=\"elementor-element elementor-element-e816439 e-con-full e-flex e-con e-child\" data-id=\"e816439\" data-element_type=\"container\" data-e-type=\"container\">\n\t\t\t\t<div class=\"elementor-element elementor-element-a16ceb9 elementor-widget elementor-widget-image\" data-id=\"a16ceb9\" data-element_type=\"widget\" data-e-type=\"widget\" data-widget_type=\"image.default\">\n\t\t\t\t<div class=\"elementor-widget-container\">\n\t\t\t\t\t\t\t\t\t\t\t\t\t\t\t\t<a href=\"https:\/\/www.geyssel.de\/maschinen\/kalibrierer-typ-340\/\">\n\t\t\t\t\t\t\t<img decoding=\"async\" width=\"800\" height=\"589\" src=\"https:\/\/www.geyssel.de\/wp-content\/uploads\/2025\/05\/Geyssel-FilmrollenKalibrieranlage_04-25-7860-1024x754.jpg\" class=\"attachment-large size-large wp-image-12317\" alt=\"\" srcset=\"https:\/\/www.geyssel.de\/wp-content\/uploads\/2025\/05\/Geyssel-FilmrollenKalibrieranlage_04-25-7860-1024x754.jpg 1024w, https:\/\/www.geyssel.de\/wp-content\/uploads\/2025\/05\/Geyssel-FilmrollenKalibrieranlage_04-25-7860-300x221.jpg 300w, https:\/\/www.geyssel.de\/wp-content\/uploads\/2025\/05\/Geyssel-FilmrollenKalibrieranlage_04-25-7860-768x565.jpg 768w, https:\/\/www.geyssel.de\/wp-content\/uploads\/2025\/05\/Geyssel-FilmrollenKalibrieranlage_04-25-7860-1536x1131.jpg 1536w, https:\/\/www.geyssel.de\/wp-content\/uploads\/2025\/05\/Geyssel-FilmrollenKalibrieranlage_04-25-7860-2048x1507.jpg 2048w\" sizes=\"(max-width: 800px) 100vw, 800px\" \/>\t\t\t\t\t\t\t\t<\/a>\n\t\t\t\t\t\t\t\t\t\t\t\t\t\t\t<\/div>\n\t\t\t\t<\/div>\n\t\t\t\t<\/div>\n\t\t<div class=\"elementor-element elementor-element-3c80d8e e-con-full e-flex e-con e-child\" data-id=\"3c80d8e\" data-element_type=\"container\" data-e-type=\"container\">\n\t\t\t\t<div class=\"elementor-element elementor-element-207c917 elementor-widget elementor-widget-heading\" data-id=\"207c917\" data-element_type=\"widget\" data-e-type=\"widget\" data-widget_type=\"heading.default\">\n\t\t\t\t<div class=\"elementor-widget-container\">\n\t\t\t\t\t<h2 class=\"elementor-heading-title elementor-size-default\"><a href=\"https:\/\/www.geyssel.de\/maschinen\/kalibrierer-typ-340\/\">Kalibrierer Typ 340<\/a><\/h2>\t\t\t\t<\/div>\n\t\t\t\t<\/div>\n\t\t\t\t<div class=\"elementor-element elementor-element-656554f elementor-widget elementor-widget-text-editor\" data-id=\"656554f\" data-element_type=\"widget\" data-e-type=\"widget\" data-widget_type=\"text-editor.default\">\n\t\t\t\t<div class=\"elementor-widget-container\">\n\t\t\t\t\t\t\t\t\t<p>Die Anlage f\u00fchrt ein Messwerkzeug in die \u00d6ffnung der Filmpatrone ein und justiert diese auf das vorgegebene Spaltma\u00df. W\u00e4hrend dieses Vorgangs wird die hierf\u00fcr erforderliche Kraft pr\u00e4zise erfasst, um etwaige Abweichungen zu identifizieren und fehlerhafte Filmpatronen zuverl\u00e4ssig auszusortieren.<\/p>\t\t\t\t\t\t\t\t<\/div>\n\t\t\t\t<\/div>\n\t\t\t\t<\/div>\n\t\t\t\t<\/div>\n\t\t<div class=\"elementor-element elementor-element-fddfcc0 e-flex e-con-boxed e-con e-child\" data-id=\"fddfcc0\" data-element_type=\"container\" data-e-type=\"container\" data-settings=\"{&quot;background_background&quot;:&quot;classic&quot;}\">\n\t\t\t\t\t<div class=\"e-con-inner\">\n\t\t<div class=\"elementor-element elementor-element-bce6f12 e-con-full e-flex e-con e-child\" data-id=\"bce6f12\" data-element_type=\"container\" data-e-type=\"container\">\n\t\t\t\t<div class=\"elementor-element elementor-element-337b6ae elementor-widget elementor-widget-image\" data-id=\"337b6ae\" data-element_type=\"widget\" data-e-type=\"widget\" data-widget_type=\"image.default\">\n\t\t\t\t<div class=\"elementor-widget-container\">\n\t\t\t\t\t\t\t\t\t\t\t\t\t\t\t\t<a href=\"https:\/\/geyssel.de\/wp-content\/uploads\/2023\/07\/FW-369-01-1.jpg\" data-elementor-open-lightbox=\"yes\" data-e-action-hash=\"#elementor-action%3Aaction%3Dlightbox%26settings%3DeyJpZCI6MTU4MCwidXJsIjoiaHR0cHM6XC9cL3d3dy5nZXlzc2VsLmRlXC93cC1jb250ZW50XC91cGxvYWRzXC8yMDIzXC8wN1wvRlctMzY5LTAxLTEuanBnIn0%3D\">\n\t\t\t\t\t\t\t<img decoding=\"async\" width=\"800\" height=\"589\" src=\"https:\/\/www.geyssel.de\/wp-content\/uploads\/2023\/07\/FW-369-01-1.jpg\" class=\"attachment-large size-large wp-image-1580\" alt=\"\" srcset=\"https:\/\/www.geyssel.de\/wp-content\/uploads\/2023\/07\/FW-369-01-1.jpg 1024w, https:\/\/www.geyssel.de\/wp-content\/uploads\/2023\/07\/FW-369-01-1-300x221.jpg 300w, https:\/\/www.geyssel.de\/wp-content\/uploads\/2023\/07\/FW-369-01-1-768x566.jpg 768w\" sizes=\"(max-width: 800px) 100vw, 800px\" \/>\t\t\t\t\t\t\t\t<\/a>\n\t\t\t\t\t\t\t\t\t\t\t\t\t\t\t<\/div>\n\t\t\t\t<\/div>\n\t\t\t\t<\/div>\n\t\t<div class=\"elementor-element elementor-element-9e048e2 e-con-full e-flex e-con e-child\" data-id=\"9e048e2\" data-element_type=\"container\" data-e-type=\"container\">\n\t\t\t\t<div class=\"elementor-element elementor-element-34e0513 elementor-widget elementor-widget-heading\" data-id=\"34e0513\" data-element_type=\"widget\" data-e-type=\"widget\" data-widget_type=\"heading.default\">\n\t\t\t\t<div class=\"elementor-widget-container\">\n\t\t\t\t\t<h2 class=\"elementor-heading-title elementor-size-default\">Versandschachtel-Etikettier- und Stapelanlage Typ 369<\/h2>\t\t\t\t<\/div>\n\t\t\t\t<\/div>\n\t\t\t\t<div class=\"elementor-element elementor-element-c771ead elementor-widget elementor-widget-text-editor\" data-id=\"c771ead\" data-element_type=\"widget\" data-e-type=\"widget\" data-widget_type=\"text-editor.default\">\n\t\t\t\t<div class=\"elementor-widget-container\">\n\t\t\t\t\t\t\t\t\t<p>Mit dieser Anlage werden Stapel von bereits gef\u00fcllten Versandschachteln vereinzelt. Anschlie\u00dfend wird ein Briefumschlag mit innen liegenden Dokumenten (Lieferschein und Rechnung) auf die Schachtel appliziert. Mit den entsprechenden Applikationsmodulen wie Versandg\u00fcter-Einschachteln-Station, Kommunikations-Software zwischen der kaufm\u00e4nnischen Verwaltung und der Anlagesteuerung, Papierdrucker mit integrierter Couvertier-Station, kann die vorliegende Anlage zu einer vollautomatisch arbeitenden Versandanlage aufger\u00fcstet werden.<\/p>\t\t\t\t\t\t\t\t<\/div>\n\t\t\t\t<\/div>\n\t\t\t\t<\/div>\n\t\t\t\t\t<\/div>\n\t\t\t\t<\/div>\n\t\t<div class=\"elementor-element elementor-element-9ffc78d e-flex e-con-boxed e-con e-child\" data-id=\"9ffc78d\" data-element_type=\"container\" data-e-type=\"container\" data-settings=\"{&quot;background_background&quot;:&quot;classic&quot;}\">\n\t\t\t\t\t<div class=\"e-con-inner\">\n\t\t<div class=\"elementor-element elementor-element-808f73b e-con-full e-flex e-con e-child\" data-id=\"808f73b\" data-element_type=\"container\" data-e-type=\"container\">\n\t\t\t\t<div class=\"elementor-element elementor-element-feb621c elementor-widget elementor-widget-image\" data-id=\"feb621c\" data-element_type=\"widget\" data-e-type=\"widget\" data-widget_type=\"image.default\">\n\t\t\t\t<div class=\"elementor-widget-container\">\n\t\t\t\t\t\t\t\t\t\t\t\t\t\t\t\t<a href=\"https:\/\/geyssel.de\/wp-content\/uploads\/2023\/07\/FW-126-01.jpg\" data-elementor-open-lightbox=\"yes\" data-e-action-hash=\"#elementor-action%3Aaction%3Dlightbox%26settings%3DeyJpZCI6MTU3OCwidXJsIjoiaHR0cHM6XC9cL3d3dy5nZXlzc2VsLmRlXC93cC1jb250ZW50XC91cGxvYWRzXC8yMDIzXC8wN1wvRlctMTI2LTAxLmpwZyJ9\">\n\t\t\t\t\t\t\t<img loading=\"lazy\" decoding=\"async\" width=\"800\" height=\"564\" src=\"https:\/\/www.geyssel.de\/wp-content\/uploads\/2023\/07\/FW-126-01.jpg\" class=\"attachment-large size-large wp-image-1578\" alt=\"\" srcset=\"https:\/\/www.geyssel.de\/wp-content\/uploads\/2023\/07\/FW-126-01.jpg 1024w, https:\/\/www.geyssel.de\/wp-content\/uploads\/2023\/07\/FW-126-01-300x212.jpg 300w, https:\/\/www.geyssel.de\/wp-content\/uploads\/2023\/07\/FW-126-01-768x542.jpg 768w\" sizes=\"(max-width: 800px) 100vw, 800px\" \/>\t\t\t\t\t\t\t\t<\/a>\n\t\t\t\t\t\t\t\t\t\t\t\t\t\t\t<\/div>\n\t\t\t\t<\/div>\n\t\t\t\t<\/div>\n\t\t<div class=\"elementor-element elementor-element-a8c515a e-con-full e-flex e-con e-child\" data-id=\"a8c515a\" data-element_type=\"container\" data-e-type=\"container\">\n\t\t\t\t<div class=\"elementor-element elementor-element-ec0e3f7 elementor-widget elementor-widget-heading\" data-id=\"ec0e3f7\" data-element_type=\"widget\" data-e-type=\"widget\" data-widget_type=\"heading.default\">\n\t\t\t\t<div class=\"elementor-widget-container\">\n\t\t\t\t\t<h2 class=\"elementor-heading-title elementor-size-default\">Rundk\u00f6rper-Einwickelmaschine mit Stirnfaltung Typ 126<\/h2>\t\t\t\t<\/div>\n\t\t\t\t<\/div>\n\t\t\t\t<div class=\"elementor-element elementor-element-7ac4b67 elementor-widget elementor-widget-text-editor\" data-id=\"7ac4b67\" data-element_type=\"widget\" data-e-type=\"widget\" data-widget_type=\"text-editor.default\">\n\t\t\t\t<div class=\"elementor-widget-container\">\n\t\t\t\t\t\t\t\t\t<p>In dieser Maschine k\u00f6nnen zylinderf\u00f6rmige Werksst\u00fccke vereinzelt und mit entsprechendem Schutzmaterial (Spezial-Folie oder \u2013Papier) verpackt werden.<\/p>\t\t\t\t\t\t\t\t<\/div>\n\t\t\t\t<\/div>\n\t\t\t\t<\/div>\n\t\t\t\t\t<\/div>\n\t\t\t\t<\/div>\n\t\t\t\t\t<\/div>\n\t\t\t\t<\/div>\n\t\t<div class=\"elementor-element elementor-element-5cd908a e-flex e-con-boxed e-con e-parent\" data-id=\"5cd908a\" data-element_type=\"container\" data-e-type=\"container\" data-settings=\"{&quot;background_background&quot;:&quot;classic&quot;}\">\n\t\t\t\t\t<div class=\"e-con-inner\">\n\t\t\t\t<div class=\"elementor-element elementor-element-53fbf3c elementor-widget elementor-widget-heading\" data-id=\"53fbf3c\" data-element_type=\"widget\" data-e-type=\"widget\" data-widget_type=\"heading.default\">\n\t\t\t\t<div class=\"elementor-widget-container\">\n\t\t\t\t\t<div class=\"elementor-heading-title elementor-size-default\">Haben Sie Fragen? Rufen Sie uns an: + 49 221 595 694 \u2013 0\n<\/div>\t\t\t\t<\/div>\n\t\t\t\t<\/div>\n\t\t\t\t\t<\/div>\n\t\t\t\t<\/div>\n\t\t\t\t<\/div>\n\t\t","protected":false},"excerpt":{"rendered":"<p>Unsere Maschinen packen ein, vereinzeln Packungen, applizieren auf Packungen \u2013 je nachdem, was erfordert ist. So effizient und \u00f6konomisch, wie man es erwartet. Dosen-Einf\u00fcll- und -Verschlie\u00dfanlage Typ 341 Die Anlage dient zum Pr\u00e4zisionseinf\u00fcllen von empfindlichen Objekten in Verpackungsdosen. Anschlie\u00dfend werden die Dosen mit einem Deckel verschlossen.Mittels des Karussell-Prinzips werden die einzelnen Abf\u00fcllg\u00fcter kontinuierlich in die [&hellip;]<\/p>\n","protected":false},"author":2,"featured_media":0,"parent":5752,"menu_order":221,"comment_status":"open","ping_status":"open","template":"elementor_header_footer","meta":{"_acf_changed":false,"footnotes":""},"class_list":["post-6169","page","type-page","status-publish","hentry"],"acf":[],"yoast_head":"<!-- This site is optimized with the Yoast SEO plugin v27.5 - https:\/\/yoast.com\/product\/yoast-seo-wordpress\/ -->\n<title>Packing machines from GEYSSEL<\/title>\n<meta name=\"description\" content=\"Our machines pack things up, separate packages, apply on packs \u2013 flexible according to prevailing requirements.\" \/>\n<meta name=\"robots\" content=\"index, follow, max-snippet:-1, max-image-preview:large, max-video-preview:-1\" \/>\n<link rel=\"canonical\" href=\"https:\/\/www.geyssel.de\/en\/special-machines\/packing\/\" \/>\n<meta property=\"og:locale\" content=\"en_US\" \/>\n<meta property=\"og:type\" content=\"article\" \/>\n<meta property=\"og:title\" content=\"Packing machines from GEYSSEL\" \/>\n<meta property=\"og:description\" content=\"Our machines pack things up, separate packages, apply on packs \u2013 flexible according to prevailing requirements.\" \/>\n<meta property=\"og:url\" content=\"https:\/\/www.geyssel.de\/en\/special-machines\/packing\/\" \/>\n<meta property=\"og:site_name\" content=\"Geyssel Sondermaschinen &amp; Applikatoren mit maximaler Verf\u00fcgbarkeit\" \/>\n<meta property=\"article:modified_time\" content=\"2025-05-22T08:35:26+00:00\" \/>\n<meta property=\"og:image\" content=\"https:\/\/www.geyssel.de\/wp-content\/uploads\/2025\/05\/Geyssel-FilmEindosAnlageMAIN_04-25-7795A.webp\" \/>\n\t<meta property=\"og:image:width\" content=\"705\" \/>\n\t<meta property=\"og:image:height\" content=\"490\" \/>\n\t<meta property=\"og:image:type\" content=\"image\/webp\" \/>\n<meta name=\"twitter:card\" content=\"summary_large_image\" \/>\n<meta name=\"twitter:label1\" content=\"Est. reading time\" \/>\n\t<meta name=\"twitter:data1\" content=\"2 minutes\" \/>\n<script type=\"application\/ld+json\" class=\"yoast-schema-graph\">{\"@context\":\"https:\\\/\\\/schema.org\",\"@graph\":[{\"@type\":\"WebPage\",\"@id\":\"https:\\\/\\\/www.geyssel.de\\\/en\\\/special-machines\\\/packing\\\/\",\"url\":\"https:\\\/\\\/www.geyssel.de\\\/en\\\/special-machines\\\/packing\\\/\",\"name\":\"Packing machines from GEYSSEL\",\"isPartOf\":{\"@id\":\"https:\\\/\\\/www.geyssel.de\\\/en\\\/#website\"},\"primaryImageOfPage\":{\"@id\":\"https:\\\/\\\/www.geyssel.de\\\/en\\\/special-machines\\\/packing\\\/#primaryimage\"},\"image\":{\"@id\":\"https:\\\/\\\/www.geyssel.de\\\/en\\\/special-machines\\\/packing\\\/#primaryimage\"},\"thumbnailUrl\":\"https:\\\/\\\/www.geyssel.de\\\/wp-content\\\/uploads\\\/2025\\\/05\\\/Geyssel-FilmEindosAnlageMAIN_04-25-7795A.webp\",\"datePublished\":\"2023-06-22T09:49:02+00:00\",\"dateModified\":\"2025-05-22T08:35:26+00:00\",\"description\":\"Our machines pack things up, separate packages, apply on packs \u2013 flexible according to prevailing requirements.\",\"breadcrumb\":{\"@id\":\"https:\\\/\\\/www.geyssel.de\\\/en\\\/special-machines\\\/packing\\\/#breadcrumb\"},\"inLanguage\":\"en-US\",\"potentialAction\":[{\"@type\":\"ReadAction\",\"target\":[\"https:\\\/\\\/www.geyssel.de\\\/en\\\/special-machines\\\/packing\\\/\"]}]},{\"@type\":\"ImageObject\",\"inLanguage\":\"en-US\",\"@id\":\"https:\\\/\\\/www.geyssel.de\\\/en\\\/special-machines\\\/packing\\\/#primaryimage\",\"url\":\"https:\\\/\\\/www.geyssel.de\\\/wp-content\\\/uploads\\\/2025\\\/05\\\/Geyssel-FilmEindosAnlageMAIN_04-25-7795A.webp\",\"contentUrl\":\"https:\\\/\\\/www.geyssel.de\\\/wp-content\\\/uploads\\\/2025\\\/05\\\/Geyssel-FilmEindosAnlageMAIN_04-25-7795A.webp\"},{\"@type\":\"BreadcrumbList\",\"@id\":\"https:\\\/\\\/www.geyssel.de\\\/en\\\/special-machines\\\/packing\\\/#breadcrumb\",\"itemListElement\":[{\"@type\":\"ListItem\",\"position\":1,\"name\":\"Home\",\"item\":\"https:\\\/\\\/www.geyssel.de\\\/en\\\/\"},{\"@type\":\"ListItem\",\"position\":2,\"name\":\"Special machines\",\"item\":\"https:\\\/\\\/www.geyssel.de\\\/en\\\/special-machines\\\/\"},{\"@type\":\"ListItem\",\"position\":3,\"name\":\"Packing\"}]},{\"@type\":\"WebSite\",\"@id\":\"https:\\\/\\\/www.geyssel.de\\\/en\\\/#website\",\"url\":\"https:\\\/\\\/www.geyssel.de\\\/en\\\/\",\"name\":\"Geyssel Sondermaschinen &amp; Applikatoren mit maximaler Verf\u00fcgbarkeit\",\"description\":\"GEYSSEL Sondermaschinen &amp; Applikatoren mit maximaler Verf\u00fcgbarkeit\",\"publisher\":{\"@id\":\"https:\\\/\\\/www.geyssel.de\\\/en\\\/#organization\"},\"potentialAction\":[{\"@type\":\"SearchAction\",\"target\":{\"@type\":\"EntryPoint\",\"urlTemplate\":\"https:\\\/\\\/www.geyssel.de\\\/en\\\/?s={search_term_string}\"},\"query-input\":{\"@type\":\"PropertyValueSpecification\",\"valueRequired\":true,\"valueName\":\"search_term_string\"}}],\"inLanguage\":\"en-US\"},{\"@type\":\"Organization\",\"@id\":\"https:\\\/\\\/www.geyssel.de\\\/en\\\/#organization\",\"name\":\"Geyssel Sondermaschinen &amp; Applikatoren mit maximaler Verf\u00fcgbarkeit\",\"url\":\"https:\\\/\\\/www.geyssel.de\\\/en\\\/\",\"logo\":{\"@type\":\"ImageObject\",\"inLanguage\":\"en-US\",\"@id\":\"https:\\\/\\\/www.geyssel.de\\\/en\\\/#\\\/schema\\\/logo\\\/image\\\/\",\"url\":\"https:\\\/\\\/www.geyssel.de\\\/wp-content\\\/uploads\\\/2023\\\/06\\\/logo-de-1.png\",\"contentUrl\":\"https:\\\/\\\/www.geyssel.de\\\/wp-content\\\/uploads\\\/2023\\\/06\\\/logo-de-1.png\",\"width\":312,\"height\":118,\"caption\":\"Geyssel Sondermaschinen &amp; Applikatoren mit maximaler Verf\u00fcgbarkeit\"},\"image\":{\"@id\":\"https:\\\/\\\/www.geyssel.de\\\/en\\\/#\\\/schema\\\/logo\\\/image\\\/\"}}]}<\/script>\n<!-- \/ Yoast SEO plugin. -->","yoast_head_json":{"title":"Packing machines from GEYSSEL","description":"Our machines pack things up, separate packages, apply on packs \u2013 flexible according to prevailing requirements.","robots":{"index":"index","follow":"follow","max-snippet":"max-snippet:-1","max-image-preview":"max-image-preview:large","max-video-preview":"max-video-preview:-1"},"canonical":"https:\/\/www.geyssel.de\/en\/special-machines\/packing\/","og_locale":"en_US","og_type":"article","og_title":"Packing machines from GEYSSEL","og_description":"Our machines pack things up, separate packages, apply on packs \u2013 flexible according to prevailing requirements.","og_url":"https:\/\/www.geyssel.de\/en\/special-machines\/packing\/","og_site_name":"Geyssel Sondermaschinen &amp; Applikatoren mit maximaler Verf\u00fcgbarkeit","article_modified_time":"2025-05-22T08:35:26+00:00","og_image":[{"width":705,"height":490,"url":"https:\/\/www.geyssel.de\/wp-content\/uploads\/2025\/05\/Geyssel-FilmEindosAnlageMAIN_04-25-7795A.webp","type":"image\/webp"}],"twitter_card":"summary_large_image","twitter_misc":{"Est. reading time":"2 minutes"},"schema":{"@context":"https:\/\/schema.org","@graph":[{"@type":"WebPage","@id":"https:\/\/www.geyssel.de\/en\/special-machines\/packing\/","url":"https:\/\/www.geyssel.de\/en\/special-machines\/packing\/","name":"Packing machines from GEYSSEL","isPartOf":{"@id":"https:\/\/www.geyssel.de\/en\/#website"},"primaryImageOfPage":{"@id":"https:\/\/www.geyssel.de\/en\/special-machines\/packing\/#primaryimage"},"image":{"@id":"https:\/\/www.geyssel.de\/en\/special-machines\/packing\/#primaryimage"},"thumbnailUrl":"https:\/\/www.geyssel.de\/wp-content\/uploads\/2025\/05\/Geyssel-FilmEindosAnlageMAIN_04-25-7795A.webp","datePublished":"2023-06-22T09:49:02+00:00","dateModified":"2025-05-22T08:35:26+00:00","description":"Our machines pack things up, separate packages, apply on packs \u2013 flexible according to prevailing requirements.","breadcrumb":{"@id":"https:\/\/www.geyssel.de\/en\/special-machines\/packing\/#breadcrumb"},"inLanguage":"en-US","potentialAction":[{"@type":"ReadAction","target":["https:\/\/www.geyssel.de\/en\/special-machines\/packing\/"]}]},{"@type":"ImageObject","inLanguage":"en-US","@id":"https:\/\/www.geyssel.de\/en\/special-machines\/packing\/#primaryimage","url":"https:\/\/www.geyssel.de\/wp-content\/uploads\/2025\/05\/Geyssel-FilmEindosAnlageMAIN_04-25-7795A.webp","contentUrl":"https:\/\/www.geyssel.de\/wp-content\/uploads\/2025\/05\/Geyssel-FilmEindosAnlageMAIN_04-25-7795A.webp"},{"@type":"BreadcrumbList","@id":"https:\/\/www.geyssel.de\/en\/special-machines\/packing\/#breadcrumb","itemListElement":[{"@type":"ListItem","position":1,"name":"Home","item":"https:\/\/www.geyssel.de\/en\/"},{"@type":"ListItem","position":2,"name":"Special machines","item":"https:\/\/www.geyssel.de\/en\/special-machines\/"},{"@type":"ListItem","position":3,"name":"Packing"}]},{"@type":"WebSite","@id":"https:\/\/www.geyssel.de\/en\/#website","url":"https:\/\/www.geyssel.de\/en\/","name":"Geyssel Sondermaschinen &amp; Applikatoren mit maximaler Verf\u00fcgbarkeit","description":"GEYSSEL Sondermaschinen &amp; Applikatoren mit maximaler Verf\u00fcgbarkeit","publisher":{"@id":"https:\/\/www.geyssel.de\/en\/#organization"},"potentialAction":[{"@type":"SearchAction","target":{"@type":"EntryPoint","urlTemplate":"https:\/\/www.geyssel.de\/en\/?s={search_term_string}"},"query-input":{"@type":"PropertyValueSpecification","valueRequired":true,"valueName":"search_term_string"}}],"inLanguage":"en-US"},{"@type":"Organization","@id":"https:\/\/www.geyssel.de\/en\/#organization","name":"Geyssel Sondermaschinen &amp; Applikatoren mit maximaler Verf\u00fcgbarkeit","url":"https:\/\/www.geyssel.de\/en\/","logo":{"@type":"ImageObject","inLanguage":"en-US","@id":"https:\/\/www.geyssel.de\/en\/#\/schema\/logo\/image\/","url":"https:\/\/www.geyssel.de\/wp-content\/uploads\/2023\/06\/logo-de-1.png","contentUrl":"https:\/\/www.geyssel.de\/wp-content\/uploads\/2023\/06\/logo-de-1.png","width":312,"height":118,"caption":"Geyssel Sondermaschinen &amp; Applikatoren mit maximaler Verf\u00fcgbarkeit"},"image":{"@id":"https:\/\/www.geyssel.de\/en\/#\/schema\/logo\/image\/"}}]}},"_links":{"self":[{"href":"https:\/\/www.geyssel.de\/en\/wp-json\/wp\/v2\/pages\/6169","targetHints":{"allow":["GET"]}}],"collection":[{"href":"https:\/\/www.geyssel.de\/en\/wp-json\/wp\/v2\/pages"}],"about":[{"href":"https:\/\/www.geyssel.de\/en\/wp-json\/wp\/v2\/types\/page"}],"author":[{"embeddable":true,"href":"https:\/\/www.geyssel.de\/en\/wp-json\/wp\/v2\/users\/2"}],"replies":[{"embeddable":true,"href":"https:\/\/www.geyssel.de\/en\/wp-json\/wp\/v2\/comments?post=6169"}],"version-history":[{"count":8,"href":"https:\/\/www.geyssel.de\/en\/wp-json\/wp\/v2\/pages\/6169\/revisions"}],"predecessor-version":[{"id":12345,"href":"https:\/\/www.geyssel.de\/en\/wp-json\/wp\/v2\/pages\/6169\/revisions\/12345"}],"up":[{"embeddable":true,"href":"https:\/\/www.geyssel.de\/en\/wp-json\/wp\/v2\/pages\/5752"}],"wp:attachment":[{"href":"https:\/\/www.geyssel.de\/en\/wp-json\/wp\/v2\/media?parent=6169"}],"curies":[{"name":"wp","href":"https:\/\/api.w.org\/{rel}","templated":true}]}}