{"id":5923,"date":"2023-06-22T09:49:03","date_gmt":"2023-06-22T09:49:03","guid":{"rendered":"https:\/\/staging.geyssel.de\/?page_id=5923"},"modified":"2024-07-04T10:12:43","modified_gmt":"2024-07-04T10:12:43","slug":"imprint","status":"publish","type":"page","link":"https:\/\/www.geyssel.de\/en\/imprint\/","title":{"rendered":"Imprint"},"content":{"rendered":"\t\t<div data-elementor-type=\"wp-page\" data-elementor-id=\"5923\" class=\"elementor elementor-5923 elementor-674\" data-elementor-post-type=\"page\">\n\t\t\t\t<div class=\"elementor-element elementor-element-ad49e97 e-flex e-con-boxed e-con e-parent\" data-id=\"ad49e97\" data-element_type=\"container\" data-e-type=\"container\">\n\t\t\t\t\t<div class=\"e-con-inner\">\n\t\t\t\t<div class=\"elementor-element elementor-element-3053638 elementor-widget elementor-widget-heading\" data-id=\"3053638\" data-element_type=\"widget\" data-e-type=\"widget\" data-widget_type=\"heading.default\">\n\t\t\t\t<div class=\"elementor-widget-container\">\n\t\t\t\t\t<h1 class=\"elementor-heading-title elementor-size-default\">Imprint<\/h1>\t\t\t\t<\/div>\n\t\t\t\t<\/div>\n\t\t\t\t<div class=\"elementor-element elementor-element-0b60521 elementor-align-left elementor-widget elementor-widget-breadcrumbs\" data-id=\"0b60521\" data-element_type=\"widget\" data-e-type=\"widget\" data-widget_type=\"breadcrumbs.default\">\n\t\t\t\t<div class=\"elementor-widget-container\">\n\t\t\t\t\t<div id=\"breadcrumbs\"><span><span><a href=\"https:\/\/www.geyssel.de\/en\/\">Home<\/a><\/span><\/span><\/div>\t\t\t\t<\/div>\n\t\t\t\t<\/div>\n\t\t\t\t<div class=\"elementor-element elementor-element-29c5c46 elementor-widget elementor-widget-text-editor\" data-id=\"29c5c46\" data-element_type=\"widget\" data-e-type=\"widget\" data-widget_type=\"text-editor.default\">\n\t\t\t\t<div class=\"elementor-widget-container\">\n\t\t\t\t\t\t\t\t\t<p><strong>GEYSSEL Sondermaschinen GmbH<\/strong><\/p><p>Commercial Register: AG K\u00f6ln, HRB 8740<br \/>Managing Directors: J\u00fcrgen Geyssel, Ulrich Geyssel<\/p><p><strong>J. W. GEYSSEL GmbH &amp; Co. KG<\/strong><br \/>Entwicklung und Konstruktionsb\u00fcro<\/p><p>Commercial Register: AG K\u00f6ln, HRA 30729<br \/>Komplement\u00e4rin:<br \/>Geyssel GmbH<br \/>Commercial Register: AG K\u00f6ln, HRB 82306<br \/>Managing Director: J\u00fcrgen Geyssel, Hartmut Geyssel<\/p><p>Richard-Byrd-Str. 29<br \/>50829 K\u00f6ln<br \/>Deutschland \/ Germany<\/p><p>Tel: +49 (0) 221 595 694-0<br \/>Fax: +49 (0) 221 595 694-2<br \/>E-Mail:\u00a0<a href=\"mailto:info@geyssel.de\">info@geyssel.de<\/a><\/p>\t\t\t\t\t\t\t\t<\/div>\n\t\t\t\t<\/div>\n\t\t\t\t\t<\/div>\n\t\t\t\t<\/div>\n\t\t\t\t<\/div>\n\t\t","protected":false},"excerpt":{"rendered":"<p>GEYSSEL Sondermaschinen GmbH Commercial Register: AG K\u00f6ln, HRB 8740Managing Directors: J\u00fcrgen Geyssel, Ulrich Geyssel J. W. GEYSSEL GmbH &amp; Co. KGEntwicklung und Konstruktionsb\u00fcro Commercial Register: AG K\u00f6ln, HRA 30729Komplement\u00e4rin:Geyssel GmbHCommercial Register: AG K\u00f6ln, HRB 82306Managing Director: J\u00fcrgen Geyssel, Hartmut Geyssel Richard-Byrd-Str. 2950829 K\u00f6lnDeutschland \/ Germany Tel: +49 (0) 221 595 694-0Fax: +49 (0) 221 595 [&hellip;]<\/p>\n","protected":false},"author":2,"featured_media":0,"parent":0,"menu_order":1003,"comment_status":"open","ping_status":"open","template":"elementor_header_footer","meta":{"_acf_changed":false,"footnotes":""},"class_list":["post-5923","page","type-page","status-publish","hentry"],"acf":[],"yoast_head":"<!-- This site is optimized with the Yoast SEO plugin v27.5 - https:\/\/yoast.com\/product\/yoast-seo-wordpress\/ -->\n<title>Imprint | GEYSSEL<\/title>\n<meta name=\"description\" content=\"Imprint \u2714\ufe0f Unique special machines and applicators \u2714\ufe0f Made in Germany \u2714\ufe0f Quality for over 50 years.\" \/>\n<meta name=\"robots\" content=\"index, follow, max-snippet:-1, max-image-preview:large, max-video-preview:-1\" \/>\n<link rel=\"canonical\" href=\"https:\/\/www.geyssel.de\/en\/imprint\/\" \/>\n<meta property=\"og:locale\" content=\"en_US\" \/>\n<meta property=\"og:type\" content=\"article\" \/>\n<meta property=\"og:title\" content=\"Imprint | GEYSSEL\" \/>\n<meta property=\"og:description\" content=\"Imprint \u2714\ufe0f Unique special machines and applicators \u2714\ufe0f Made in Germany \u2714\ufe0f Quality for over 50 years.\" \/>\n<meta property=\"og:url\" content=\"https:\/\/www.geyssel.de\/en\/imprint\/\" \/>\n<meta property=\"og:site_name\" content=\"Geyssel Sondermaschinen &amp; Applikatoren mit maximaler Verf\u00fcgbarkeit\" \/>\n<meta property=\"article:modified_time\" content=\"2024-07-04T10:12:43+00:00\" \/>\n<meta name=\"twitter:card\" content=\"summary_large_image\" \/>\n<meta name=\"twitter:label1\" content=\"Est. reading time\" \/>\n\t<meta name=\"twitter:data1\" content=\"1 minute\" \/>\n<script type=\"application\/ld+json\" class=\"yoast-schema-graph\">{\"@context\":\"https:\\\/\\\/schema.org\",\"@graph\":[{\"@type\":\"WebPage\",\"@id\":\"https:\\\/\\\/www.geyssel.de\\\/en\\\/imprint\\\/\",\"url\":\"https:\\\/\\\/www.geyssel.de\\\/en\\\/imprint\\\/\",\"name\":\"Imprint | GEYSSEL\",\"isPartOf\":{\"@id\":\"https:\\\/\\\/www.geyssel.de\\\/en\\\/#website\"},\"datePublished\":\"2023-06-22T09:49:03+00:00\",\"dateModified\":\"2024-07-04T10:12:43+00:00\",\"description\":\"Imprint \u2714\ufe0f Unique special machines and applicators \u2714\ufe0f Made in Germany \u2714\ufe0f Quality for over 50 years.\",\"breadcrumb\":{\"@id\":\"https:\\\/\\\/www.geyssel.de\\\/en\\\/imprint\\\/#breadcrumb\"},\"inLanguage\":\"en-US\",\"potentialAction\":[{\"@type\":\"ReadAction\",\"target\":[\"https:\\\/\\\/www.geyssel.de\\\/en\\\/imprint\\\/\"]}]},{\"@type\":\"BreadcrumbList\",\"@id\":\"https:\\\/\\\/www.geyssel.de\\\/en\\\/imprint\\\/#breadcrumb\",\"itemListElement\":[{\"@type\":\"ListItem\",\"position\":1,\"name\":\"Home\",\"item\":\"https:\\\/\\\/www.geyssel.de\\\/en\\\/\"},{\"@type\":\"ListItem\",\"position\":2,\"name\":\"Imprint\"}]},{\"@type\":\"WebSite\",\"@id\":\"https:\\\/\\\/www.geyssel.de\\\/en\\\/#website\",\"url\":\"https:\\\/\\\/www.geyssel.de\\\/en\\\/\",\"name\":\"Geyssel Sondermaschinen &amp; Applikatoren mit maximaler Verf\u00fcgbarkeit\",\"description\":\"GEYSSEL Sondermaschinen &amp; Applikatoren mit maximaler Verf\u00fcgbarkeit\",\"publisher\":{\"@id\":\"https:\\\/\\\/www.geyssel.de\\\/en\\\/#organization\"},\"potentialAction\":[{\"@type\":\"SearchAction\",\"target\":{\"@type\":\"EntryPoint\",\"urlTemplate\":\"https:\\\/\\\/www.geyssel.de\\\/en\\\/?s={search_term_string}\"},\"query-input\":{\"@type\":\"PropertyValueSpecification\",\"valueRequired\":true,\"valueName\":\"search_term_string\"}}],\"inLanguage\":\"en-US\"},{\"@type\":\"Organization\",\"@id\":\"https:\\\/\\\/www.geyssel.de\\\/en\\\/#organization\",\"name\":\"Geyssel Sondermaschinen &amp; Applikatoren mit maximaler Verf\u00fcgbarkeit\",\"url\":\"https:\\\/\\\/www.geyssel.de\\\/en\\\/\",\"logo\":{\"@type\":\"ImageObject\",\"inLanguage\":\"en-US\",\"@id\":\"https:\\\/\\\/www.geyssel.de\\\/en\\\/#\\\/schema\\\/logo\\\/image\\\/\",\"url\":\"https:\\\/\\\/www.geyssel.de\\\/wp-content\\\/uploads\\\/2023\\\/06\\\/logo-de-1.png\",\"contentUrl\":\"https:\\\/\\\/www.geyssel.de\\\/wp-content\\\/uploads\\\/2023\\\/06\\\/logo-de-1.png\",\"width\":312,\"height\":118,\"caption\":\"Geyssel Sondermaschinen &amp; Applikatoren mit maximaler Verf\u00fcgbarkeit\"},\"image\":{\"@id\":\"https:\\\/\\\/www.geyssel.de\\\/en\\\/#\\\/schema\\\/logo\\\/image\\\/\"}}]}<\/script>\n<!-- \/ Yoast SEO plugin. -->","yoast_head_json":{"title":"Imprint | GEYSSEL","description":"Imprint \u2714\ufe0f Unique special machines and applicators \u2714\ufe0f Made in Germany \u2714\ufe0f Quality for over 50 years.","robots":{"index":"index","follow":"follow","max-snippet":"max-snippet:-1","max-image-preview":"max-image-preview:large","max-video-preview":"max-video-preview:-1"},"canonical":"https:\/\/www.geyssel.de\/en\/imprint\/","og_locale":"en_US","og_type":"article","og_title":"Imprint | GEYSSEL","og_description":"Imprint \u2714\ufe0f Unique special machines and applicators \u2714\ufe0f Made in Germany \u2714\ufe0f Quality for over 50 years.","og_url":"https:\/\/www.geyssel.de\/en\/imprint\/","og_site_name":"Geyssel Sondermaschinen &amp; Applikatoren mit maximaler Verf\u00fcgbarkeit","article_modified_time":"2024-07-04T10:12:43+00:00","twitter_card":"summary_large_image","twitter_misc":{"Est. reading time":"1 minute"},"schema":{"@context":"https:\/\/schema.org","@graph":[{"@type":"WebPage","@id":"https:\/\/www.geyssel.de\/en\/imprint\/","url":"https:\/\/www.geyssel.de\/en\/imprint\/","name":"Imprint | GEYSSEL","isPartOf":{"@id":"https:\/\/www.geyssel.de\/en\/#website"},"datePublished":"2023-06-22T09:49:03+00:00","dateModified":"2024-07-04T10:12:43+00:00","description":"Imprint \u2714\ufe0f Unique special machines and applicators \u2714\ufe0f Made in Germany \u2714\ufe0f Quality for over 50 years.","breadcrumb":{"@id":"https:\/\/www.geyssel.de\/en\/imprint\/#breadcrumb"},"inLanguage":"en-US","potentialAction":[{"@type":"ReadAction","target":["https:\/\/www.geyssel.de\/en\/imprint\/"]}]},{"@type":"BreadcrumbList","@id":"https:\/\/www.geyssel.de\/en\/imprint\/#breadcrumb","itemListElement":[{"@type":"ListItem","position":1,"name":"Home","item":"https:\/\/www.geyssel.de\/en\/"},{"@type":"ListItem","position":2,"name":"Imprint"}]},{"@type":"WebSite","@id":"https:\/\/www.geyssel.de\/en\/#website","url":"https:\/\/www.geyssel.de\/en\/","name":"Geyssel Sondermaschinen &amp; Applikatoren mit maximaler Verf\u00fcgbarkeit","description":"GEYSSEL Sondermaschinen &amp; Applikatoren mit maximaler Verf\u00fcgbarkeit","publisher":{"@id":"https:\/\/www.geyssel.de\/en\/#organization"},"potentialAction":[{"@type":"SearchAction","target":{"@type":"EntryPoint","urlTemplate":"https:\/\/www.geyssel.de\/en\/?s={search_term_string}"},"query-input":{"@type":"PropertyValueSpecification","valueRequired":true,"valueName":"search_term_string"}}],"inLanguage":"en-US"},{"@type":"Organization","@id":"https:\/\/www.geyssel.de\/en\/#organization","name":"Geyssel Sondermaschinen &amp; Applikatoren mit maximaler Verf\u00fcgbarkeit","url":"https:\/\/www.geyssel.de\/en\/","logo":{"@type":"ImageObject","inLanguage":"en-US","@id":"https:\/\/www.geyssel.de\/en\/#\/schema\/logo\/image\/","url":"https:\/\/www.geyssel.de\/wp-content\/uploads\/2023\/06\/logo-de-1.png","contentUrl":"https:\/\/www.geyssel.de\/wp-content\/uploads\/2023\/06\/logo-de-1.png","width":312,"height":118,"caption":"Geyssel Sondermaschinen &amp; Applikatoren mit maximaler Verf\u00fcgbarkeit"},"image":{"@id":"https:\/\/www.geyssel.de\/en\/#\/schema\/logo\/image\/"}}]}},"_links":{"self":[{"href":"https:\/\/www.geyssel.de\/en\/wp-json\/wp\/v2\/pages\/5923","targetHints":{"allow":["GET"]}}],"collection":[{"href":"https:\/\/www.geyssel.de\/en\/wp-json\/wp\/v2\/pages"}],"about":[{"href":"https:\/\/www.geyssel.de\/en\/wp-json\/wp\/v2\/types\/page"}],"author":[{"embeddable":true,"href":"https:\/\/www.geyssel.de\/en\/wp-json\/wp\/v2\/users\/2"}],"replies":[{"embeddable":true,"href":"https:\/\/www.geyssel.de\/en\/wp-json\/wp\/v2\/comments?post=5923"}],"version-history":[{"count":4,"href":"https:\/\/www.geyssel.de\/en\/wp-json\/wp\/v2\/pages\/5923\/revisions"}],"predecessor-version":[{"id":5927,"href":"https:\/\/www.geyssel.de\/en\/wp-json\/wp\/v2\/pages\/5923\/revisions\/5927"}],"wp:attachment":[{"href":"https:\/\/www.geyssel.de\/en\/wp-json\/wp\/v2\/media?parent=5923"}],"curies":[{"name":"wp","href":"https:\/\/api.w.org\/{rel}","templated":true}]}}